{"id":2247,"date":"2022-01-08T17:49:30","date_gmt":"2022-01-08T20:49:30","guid":{"rendered":"https:\/\/eventuale.com.br\/index.php\/produto\/mesa-bistro-alta-madeira-e-ferro\/"},"modified":"2022-01-08T17:49:30","modified_gmt":"2022-01-08T20:49:30","slug":"mesa-bistro-alta-madeira-e-ferro","status":"publish","type":"product","link":"https:\/\/eventuale.com.br\/index.php\/produto\/mesa-bistro-alta-madeira-e-ferro\/","title":{"rendered":"MESA BISTRO ALTA MADEIRA E FERRO"},"content":{"rendered":"<p>Loca\u00e7\u00e3o de M\u00f3veis para Festas e Eventos. Decora\u00e7\u00e3o de Casamentos. Solicite seu Or\u00e7amento <br \/> *Ao solicitar seu or\u00e7amento, sempre informe a data de seu evento.<\/p>\n","protected":false},"excerpt":{"rendered":"<p>MESA BISTRO ALTA MADEIRA E FERRO<br \/>DIAMETRO: 0,80 X ALTURA: 0,78<\/p>\n","protected":false},"featured_media":2246,"template":"","meta":{"_mbp_gutenberg_autopost":false},"product_brand":[],"product_cat":[534],"product_tag":[],"class_list":{"0":"post-2247","1":"product","2":"type-product","3":"status-publish","4":"has-post-thumbnail","6":"product_cat-mesas-bistro","8":"first","9":"instock","10":"shipping-taxable","11":"product-type-simple","12":"czr-hentry"},"_links":{"self":[{"href":"https:\/\/eventuale.com.br\/index.php\/wp-json\/wp\/v2\/product\/2247","targetHints":{"allow":["GET"]}}],"collection":[{"href":"https:\/\/eventuale.com.br\/index.php\/wp-json\/wp\/v2\/product"}],"about":[{"href":"https:\/\/eventuale.com.br\/index.php\/wp-json\/wp\/v2\/types\/product"}],"wp:featuredmedia":[{"embeddable":true,"href":"https:\/\/eventuale.com.br\/index.php\/wp-json\/wp\/v2\/media\/2246"}],"wp:attachment":[{"href":"https:\/\/eventuale.com.br\/index.php\/wp-json\/wp\/v2\/media?parent=2247"}],"wp:term":[{"taxonomy":"product_brand","embeddable":true,"href":"https:\/\/eventuale.com.br\/index.php\/wp-json\/wp\/v2\/product_brand?post=2247"},{"taxonomy":"product_cat","embeddable":true,"href":"https:\/\/eventuale.com.br\/index.php\/wp-json\/wp\/v2\/product_cat?post=2247"},{"taxonomy":"product_tag","embeddable":true,"href":"https:\/\/eventuale.com.br\/index.php\/wp-json\/wp\/v2\/product_tag?post=2247"}],"curies":[{"name":"wp","href":"https:\/\/api.w.org\/{rel}","templated":true}]}}