{"id":2169,"date":"2021-12-12T17:09:06","date_gmt":"2021-12-12T20:09:06","guid":{"rendered":"https:\/\/eventuale.com.br\/index.php\/produto\/mesa-demolicao-natural-m\/"},"modified":"2021-12-12T17:09:06","modified_gmt":"2021-12-12T20:09:06","slug":"mesa-demolicao-natural-m","status":"publish","type":"product","link":"https:\/\/eventuale.com.br\/index.php\/produto\/mesa-demolicao-natural-m\/","title":{"rendered":"MESA DEMOLI\u00c7\u00c3O NATURAL M"},"content":{"rendered":"<p>Loca\u00e7\u00e3o de M\u00f3veis para Festas e Eventos. Decora\u00e7\u00e3o de Casamentos. Solicite seu Or\u00e7amento <br \/> *Ao solicitar seu or\u00e7amento, sempre informe a data de seu evento.<\/p>\n","protected":false},"excerpt":{"rendered":"<p>MESA DEMOLI\u00c7\u00c3O NATURAL M<br \/>2,50 X 1,00<br \/> Quantidade: 6<\/p>\n","protected":false},"featured_media":2167,"template":"","meta":{"_mbp_gutenberg_autopost":false},"product_brand":[],"product_cat":[526],"product_tag":[],"class_list":{"0":"post-2169","1":"product","2":"type-product","3":"status-publish","4":"has-post-thumbnail","6":"product_cat-mesas","8":"first","9":"instock","10":"shipping-taxable","11":"product-type-simple","12":"czr-hentry"},"_links":{"self":[{"href":"https:\/\/eventuale.com.br\/index.php\/wp-json\/wp\/v2\/product\/2169","targetHints":{"allow":["GET"]}}],"collection":[{"href":"https:\/\/eventuale.com.br\/index.php\/wp-json\/wp\/v2\/product"}],"about":[{"href":"https:\/\/eventuale.com.br\/index.php\/wp-json\/wp\/v2\/types\/product"}],"wp:featuredmedia":[{"embeddable":true,"href":"https:\/\/eventuale.com.br\/index.php\/wp-json\/wp\/v2\/media\/2167"}],"wp:attachment":[{"href":"https:\/\/eventuale.com.br\/index.php\/wp-json\/wp\/v2\/media?parent=2169"}],"wp:term":[{"taxonomy":"product_brand","embeddable":true,"href":"https:\/\/eventuale.com.br\/index.php\/wp-json\/wp\/v2\/product_brand?post=2169"},{"taxonomy":"product_cat","embeddable":true,"href":"https:\/\/eventuale.com.br\/index.php\/wp-json\/wp\/v2\/product_cat?post=2169"},{"taxonomy":"product_tag","embeddable":true,"href":"https:\/\/eventuale.com.br\/index.php\/wp-json\/wp\/v2\/product_tag?post=2169"}],"curies":[{"name":"wp","href":"https:\/\/api.w.org\/{rel}","templated":true}]}}