{"id":2147,"date":"2021-12-12T17:08:46","date_gmt":"2021-12-12T20:08:46","guid":{"rendered":"https:\/\/eventuale.com.br\/index.php\/produto\/mesa-chipendale-mini\/"},"modified":"2021-12-12T17:08:46","modified_gmt":"2021-12-12T20:08:46","slug":"mesa-chipendale-mini","status":"publish","type":"product","link":"https:\/\/eventuale.com.br\/index.php\/produto\/mesa-chipendale-mini\/","title":{"rendered":"MESA CHIPENDALE MINI"},"content":{"rendered":"<p>Loca\u00e7\u00e3o de M\u00f3veis para Festas e Eventos. Decora\u00e7\u00e3o de Casamentos. Solicite seu Or\u00e7amento <br \/> *Ao solicitar seu or\u00e7amento, sempre informe a data de seu evento.<\/p>\n","protected":false},"excerpt":{"rendered":"<p>MESA CHIPENDALE MINI<br \/>DI\u00c2METRO 0,80<br \/> Quantidade: 8<\/p>\n","protected":false},"featured_media":2146,"template":"","meta":{"_mbp_gutenberg_autopost":false},"product_brand":[],"product_cat":[526],"product_tag":[],"class_list":{"0":"post-2147","1":"product","2":"type-product","3":"status-publish","4":"has-post-thumbnail","6":"product_cat-mesas","8":"first","9":"instock","10":"shipping-taxable","11":"product-type-simple","12":"czr-hentry"},"_links":{"self":[{"href":"https:\/\/eventuale.com.br\/index.php\/wp-json\/wp\/v2\/product\/2147","targetHints":{"allow":["GET"]}}],"collection":[{"href":"https:\/\/eventuale.com.br\/index.php\/wp-json\/wp\/v2\/product"}],"about":[{"href":"https:\/\/eventuale.com.br\/index.php\/wp-json\/wp\/v2\/types\/product"}],"wp:featuredmedia":[{"embeddable":true,"href":"https:\/\/eventuale.com.br\/index.php\/wp-json\/wp\/v2\/media\/2146"}],"wp:attachment":[{"href":"https:\/\/eventuale.com.br\/index.php\/wp-json\/wp\/v2\/media?parent=2147"}],"wp:term":[{"taxonomy":"product_brand","embeddable":true,"href":"https:\/\/eventuale.com.br\/index.php\/wp-json\/wp\/v2\/product_brand?post=2147"},{"taxonomy":"product_cat","embeddable":true,"href":"https:\/\/eventuale.com.br\/index.php\/wp-json\/wp\/v2\/product_cat?post=2147"},{"taxonomy":"product_tag","embeddable":true,"href":"https:\/\/eventuale.com.br\/index.php\/wp-json\/wp\/v2\/product_tag?post=2147"}],"curies":[{"name":"wp","href":"https:\/\/api.w.org\/{rel}","templated":true}]}}