{"id":2076,"date":"2021-12-12T15:30:37","date_gmt":"2021-12-12T18:30:37","guid":{"rendered":"https:\/\/eventuale.com.br\/index.php\/produto\/cadeira-katrina-branca\/"},"modified":"2021-12-12T15:30:37","modified_gmt":"2021-12-12T18:30:37","slug":"cadeira-katrina-branca","status":"publish","type":"product","link":"https:\/\/eventuale.com.br\/index.php\/produto\/cadeira-katrina-branca\/","title":{"rendered":"CADEIRA KATRINA BRANCA"},"content":{"rendered":"<p>Loca\u00e7\u00e3o de M\u00f3veis para Festas e Eventos. Decora\u00e7\u00e3o de Casamentos. Solicite seu Or\u00e7amento <br \/> *Ao solicitar seu or\u00e7amento, sempre informe a data de seu evento.<\/p>\n","protected":false},"excerpt":{"rendered":"<p>CADEIRA KATRINA BRANCA<\/p>\n","protected":false},"featured_media":2075,"template":"","meta":{"_mbp_gutenberg_autopost":false},"product_brand":[],"product_cat":[524],"product_tag":[],"class_list":{"0":"post-2076","1":"product","2":"type-product","3":"status-publish","4":"has-post-thumbnail","6":"product_cat-cadeiras","8":"first","9":"instock","10":"shipping-taxable","11":"product-type-simple","12":"czr-hentry"},"_links":{"self":[{"href":"https:\/\/eventuale.com.br\/index.php\/wp-json\/wp\/v2\/product\/2076","targetHints":{"allow":["GET"]}}],"collection":[{"href":"https:\/\/eventuale.com.br\/index.php\/wp-json\/wp\/v2\/product"}],"about":[{"href":"https:\/\/eventuale.com.br\/index.php\/wp-json\/wp\/v2\/types\/product"}],"wp:featuredmedia":[{"embeddable":true,"href":"https:\/\/eventuale.com.br\/index.php\/wp-json\/wp\/v2\/media\/2075"}],"wp:attachment":[{"href":"https:\/\/eventuale.com.br\/index.php\/wp-json\/wp\/v2\/media?parent=2076"}],"wp:term":[{"taxonomy":"product_brand","embeddable":true,"href":"https:\/\/eventuale.com.br\/index.php\/wp-json\/wp\/v2\/product_brand?post=2076"},{"taxonomy":"product_cat","embeddable":true,"href":"https:\/\/eventuale.com.br\/index.php\/wp-json\/wp\/v2\/product_cat?post=2076"},{"taxonomy":"product_tag","embeddable":true,"href":"https:\/\/eventuale.com.br\/index.php\/wp-json\/wp\/v2\/product_tag?post=2076"}],"curies":[{"name":"wp","href":"https:\/\/api.w.org\/{rel}","templated":true}]}}