{"id":2034,"date":"2021-12-12T14:36:13","date_gmt":"2021-12-12T17:36:13","guid":{"rendered":"https:\/\/eventuale.com.br\/index.php\/produto\/bar-demolicao-reto-com-moldura-verde\/"},"modified":"2021-12-12T14:36:13","modified_gmt":"2021-12-12T17:36:13","slug":"bar-demolicao-reto-com-moldura-verde","status":"publish","type":"product","link":"https:\/\/eventuale.com.br\/index.php\/produto\/bar-demolicao-reto-com-moldura-verde\/","title":{"rendered":"BAR DEMOLI\u00c7\u00c3O RETO COM MOLDURA VERDE"},"content":{"rendered":"<p>Loca\u00e7\u00e3o de M\u00f3veis para Festas e Eventos. Decora\u00e7\u00e3o de Casamentos. Solicite seu Or\u00e7amento <br \/> *Ao solicitar seu or\u00e7amento, sempre informe a data de seu evento.<\/p>\n","protected":false},"excerpt":{"rendered":"<p>BAR DEMOLI\u00c7\u00c3O RETO COM MOLDURA VERDE<br \/>ALTURA: 1,00 X COMPR: 2,00 X LARGURA: 0,40<\/p>\n","protected":false},"featured_media":2033,"template":"","meta":{"_mbp_gutenberg_autopost":false},"product_brand":[],"product_cat":[522],"product_tag":[],"class_list":{"0":"post-2034","1":"product","2":"type-product","3":"status-publish","4":"has-post-thumbnail","6":"product_cat-bares","8":"first","9":"instock","10":"shipping-taxable","11":"product-type-simple","12":"czr-hentry"},"_links":{"self":[{"href":"https:\/\/eventuale.com.br\/index.php\/wp-json\/wp\/v2\/product\/2034","targetHints":{"allow":["GET"]}}],"collection":[{"href":"https:\/\/eventuale.com.br\/index.php\/wp-json\/wp\/v2\/product"}],"about":[{"href":"https:\/\/eventuale.com.br\/index.php\/wp-json\/wp\/v2\/types\/product"}],"wp:featuredmedia":[{"embeddable":true,"href":"https:\/\/eventuale.com.br\/index.php\/wp-json\/wp\/v2\/media\/2033"}],"wp:attachment":[{"href":"https:\/\/eventuale.com.br\/index.php\/wp-json\/wp\/v2\/media?parent=2034"}],"wp:term":[{"taxonomy":"product_brand","embeddable":true,"href":"https:\/\/eventuale.com.br\/index.php\/wp-json\/wp\/v2\/product_brand?post=2034"},{"taxonomy":"product_cat","embeddable":true,"href":"https:\/\/eventuale.com.br\/index.php\/wp-json\/wp\/v2\/product_cat?post=2034"},{"taxonomy":"product_tag","embeddable":true,"href":"https:\/\/eventuale.com.br\/index.php\/wp-json\/wp\/v2\/product_tag?post=2034"}],"curies":[{"name":"wp","href":"https:\/\/api.w.org\/{rel}","templated":true}]}}