{"id":1985,"date":"2021-12-12T13:35:57","date_gmt":"2021-12-12T16:35:57","guid":{"rendered":"https:\/\/eventuale.com.br\/index.php\/produto\/armario-demolicao-natural-sem-porta-e-detalhes-em-ferro\/"},"modified":"2021-12-12T13:35:57","modified_gmt":"2021-12-12T16:35:57","slug":"armario-demolicao-natural-sem-porta-e-detalhes-em-ferro","status":"publish","type":"product","link":"https:\/\/eventuale.com.br\/index.php\/produto\/armario-demolicao-natural-sem-porta-e-detalhes-em-ferro\/","title":{"rendered":"ARMARIO DEMOLI\u00c7\u00c3O NATURAL SEM PORTA E DETALHES EM FERRO"},"content":{"rendered":"<p>Loca\u00e7\u00e3o de M\u00f3veis para Festas e Eventos. Decora\u00e7\u00e3o de Casamentos. Solicite seu Or\u00e7amento <br \/> *Ao solicitar seu or\u00e7amento, sempre informe a data de seu evento.<\/p>\n","protected":false},"excerpt":{"rendered":"<p>ARMARIO DEMOLI\u00c7\u00c3O NATURAL SEM PORTA E DETALHES EM FERRO<br \/>COMP: 1,00 X LARGURA: 0,50 X ALTURA: 2,00<\/p>\n","protected":false},"featured_media":1984,"template":"","meta":{"_mbp_gutenberg_autopost":false},"product_brand":[],"product_cat":[520],"product_tag":[],"class_list":{"0":"post-1985","1":"product","2":"type-product","3":"status-publish","4":"has-post-thumbnail","6":"product_cat-armarios","8":"first","9":"instock","10":"shipping-taxable","11":"product-type-simple","12":"czr-hentry"},"_links":{"self":[{"href":"https:\/\/eventuale.com.br\/index.php\/wp-json\/wp\/v2\/product\/1985","targetHints":{"allow":["GET"]}}],"collection":[{"href":"https:\/\/eventuale.com.br\/index.php\/wp-json\/wp\/v2\/product"}],"about":[{"href":"https:\/\/eventuale.com.br\/index.php\/wp-json\/wp\/v2\/types\/product"}],"wp:featuredmedia":[{"embeddable":true,"href":"https:\/\/eventuale.com.br\/index.php\/wp-json\/wp\/v2\/media\/1984"}],"wp:attachment":[{"href":"https:\/\/eventuale.com.br\/index.php\/wp-json\/wp\/v2\/media?parent=1985"}],"wp:term":[{"taxonomy":"product_brand","embeddable":true,"href":"https:\/\/eventuale.com.br\/index.php\/wp-json\/wp\/v2\/product_brand?post=1985"},{"taxonomy":"product_cat","embeddable":true,"href":"https:\/\/eventuale.com.br\/index.php\/wp-json\/wp\/v2\/product_cat?post=1985"},{"taxonomy":"product_tag","embeddable":true,"href":"https:\/\/eventuale.com.br\/index.php\/wp-json\/wp\/v2\/product_tag?post=1985"}],"curies":[{"name":"wp","href":"https:\/\/api.w.org\/{rel}","templated":true}]}}