{"id":1939,"date":"2021-12-11T21:24:37","date_gmt":"2021-12-12T00:24:37","guid":{"rendered":"https:\/\/eventuale.com.br\/index.php\/produto\/aparador-slim-p\/"},"modified":"2021-12-11T21:44:46","modified_gmt":"2021-12-12T00:44:46","slug":"aparador-slim-p","status":"publish","type":"product","link":"https:\/\/eventuale.com.br\/index.php\/produto\/aparador-slim-p\/","title":{"rendered":"APARADOR SLIM P"},"content":{"rendered":"<p>Loca\u00e7\u00e3o de M\u00f3veis para Festas e Eventos. Decora\u00e7\u00e3o de Casamentos. Solicite seu Or\u00e7amento<\/p>\n","protected":false},"excerpt":{"rendered":"<p>APARADOR SLIM G <br \/> 1,60X,050X,080<\/p>\n","protected":false},"featured_media":1938,"template":"","meta":{"_mbp_gutenberg_autopost":false},"product_brand":[],"product_cat":[331],"product_tag":[],"class_list":{"0":"post-1939","1":"product","2":"type-product","3":"status-publish","4":"has-post-thumbnail","6":"product_cat-aparadores","8":"first","9":"outofstock","10":"shipping-taxable","11":"product-type-simple","12":"czr-hentry"},"_links":{"self":[{"href":"https:\/\/eventuale.com.br\/index.php\/wp-json\/wp\/v2\/product\/1939","targetHints":{"allow":["GET"]}}],"collection":[{"href":"https:\/\/eventuale.com.br\/index.php\/wp-json\/wp\/v2\/product"}],"about":[{"href":"https:\/\/eventuale.com.br\/index.php\/wp-json\/wp\/v2\/types\/product"}],"wp:featuredmedia":[{"embeddable":true,"href":"https:\/\/eventuale.com.br\/index.php\/wp-json\/wp\/v2\/media\/1938"}],"wp:attachment":[{"href":"https:\/\/eventuale.com.br\/index.php\/wp-json\/wp\/v2\/media?parent=1939"}],"wp:term":[{"taxonomy":"product_brand","embeddable":true,"href":"https:\/\/eventuale.com.br\/index.php\/wp-json\/wp\/v2\/product_brand?post=1939"},{"taxonomy":"product_cat","embeddable":true,"href":"https:\/\/eventuale.com.br\/index.php\/wp-json\/wp\/v2\/product_cat?post=1939"},{"taxonomy":"product_tag","embeddable":true,"href":"https:\/\/eventuale.com.br\/index.php\/wp-json\/wp\/v2\/product_tag?post=1939"}],"curies":[{"name":"wp","href":"https:\/\/api.w.org\/{rel}","templated":true}]}}