{"id":1935,"date":"2021-12-11T21:24:32","date_gmt":"2021-12-12T00:24:32","guid":{"rendered":"https:\/\/eventuale.com.br\/index.php\/produto\/aparador-slim-g\/"},"modified":"2021-12-11T21:24:32","modified_gmt":"2021-12-12T00:24:32","slug":"aparador-slim-g","status":"publish","type":"product","link":"https:\/\/eventuale.com.br\/index.php\/produto\/aparador-slim-g\/","title":{"rendered":"APARADOR SLIM G"},"content":{"rendered":"<p>Loca\u00e7\u00e3o de M\u00f3veis para Festas e Eventos. Decora\u00e7\u00e3o de Casamentos. Solicite seu Or\u00e7amento<\/p>\n","protected":false},"excerpt":{"rendered":"<p>APARADOR SLIM G <br \/> 2,00X0,50X1,00<\/p>\n","protected":false},"featured_media":1934,"template":"","meta":{"_mbp_gutenberg_autopost":false},"product_brand":[],"product_cat":[331],"product_tag":[],"class_list":{"0":"post-1935","1":"product","2":"type-product","3":"status-publish","4":"has-post-thumbnail","6":"product_cat-aparadores","8":"first","9":"instock","10":"shipping-taxable","11":"product-type-simple","12":"czr-hentry"},"_links":{"self":[{"href":"https:\/\/eventuale.com.br\/index.php\/wp-json\/wp\/v2\/product\/1935","targetHints":{"allow":["GET"]}}],"collection":[{"href":"https:\/\/eventuale.com.br\/index.php\/wp-json\/wp\/v2\/product"}],"about":[{"href":"https:\/\/eventuale.com.br\/index.php\/wp-json\/wp\/v2\/types\/product"}],"wp:featuredmedia":[{"embeddable":true,"href":"https:\/\/eventuale.com.br\/index.php\/wp-json\/wp\/v2\/media\/1934"}],"wp:attachment":[{"href":"https:\/\/eventuale.com.br\/index.php\/wp-json\/wp\/v2\/media?parent=1935"}],"wp:term":[{"taxonomy":"product_brand","embeddable":true,"href":"https:\/\/eventuale.com.br\/index.php\/wp-json\/wp\/v2\/product_brand?post=1935"},{"taxonomy":"product_cat","embeddable":true,"href":"https:\/\/eventuale.com.br\/index.php\/wp-json\/wp\/v2\/product_cat?post=1935"},{"taxonomy":"product_tag","embeddable":true,"href":"https:\/\/eventuale.com.br\/index.php\/wp-json\/wp\/v2\/product_tag?post=1935"}],"curies":[{"name":"wp","href":"https:\/\/api.w.org\/{rel}","templated":true}]}}