{"id":1472,"date":"2021-07-22T15:37:10","date_gmt":"2021-07-22T18:37:10","guid":{"rendered":"https:\/\/eventuale.com.br\/?page_id=1472"},"modified":"2021-07-22T19:00:12","modified_gmt":"2021-07-22T22:00:12","slug":"produtos","status":"publish","type":"page","link":"https:\/\/eventuale.com.br\/index.php\/produtos\/","title":{"rendered":"Produtos"},"content":{"rendered":"<p>Ser um referencial em loca\u00e7\u00e3o de m\u00f3veis sofisticados e r\u00fasticos sempre foi o objetivo da EVENTUALE. Por isso, colocamos \u00e0 sua disposi\u00e7\u00e3o as melhores op\u00e7\u00f5es para eventos, com pe\u00e7as variadas e diferenciadas para destacar a sua decora\u00e7\u00e3o. E para estar por dentro de todas as tend\u00eancias, a EVENTUALE realiza, periodicamente, pesquisas de mercado tanto no Brasil, quanto nos grandes centros mundiais, para saber exatamente quais m\u00f3veis seus clientes necessitam alugar, sempre com inova\u00e7\u00e3o e glamour.<\/p>\n","protected":false},"excerpt":{"rendered":"<p>Ser um referencial em loca\u00e7\u00e3o de m\u00f3veis sofisticados e r\u00fasticos sempre foi o objetivo da EVENTUALE. Por isso, colocamos \u00e0 sua disposi\u00e7\u00e3o as melhores op\u00e7\u00f5es para eventos, com pe\u00e7as variadas e diferenciadas para destacar a sua decora\u00e7\u00e3o. E para estar por dentro de todas as tend\u00eancias, a EVENTUALE realiza, periodicamente, pesquisas de mercado tanto no [&hellip;]<\/p>\n","protected":false},"author":1,"featured_media":0,"parent":0,"menu_order":0,"comment_status":"closed","ping_status":"closed","template":"","meta":{"_mbp_gutenberg_autopost":false,"footnotes":""},"class_list":["post-1472","page","type-page","status-publish","czr-hentry"],"_links":{"self":[{"href":"https:\/\/eventuale.com.br\/index.php\/wp-json\/wp\/v2\/pages\/1472","targetHints":{"allow":["GET"]}}],"collection":[{"href":"https:\/\/eventuale.com.br\/index.php\/wp-json\/wp\/v2\/pages"}],"about":[{"href":"https:\/\/eventuale.com.br\/index.php\/wp-json\/wp\/v2\/types\/page"}],"author":[{"embeddable":true,"href":"https:\/\/eventuale.com.br\/index.php\/wp-json\/wp\/v2\/users\/1"}],"replies":[{"embeddable":true,"href":"https:\/\/eventuale.com.br\/index.php\/wp-json\/wp\/v2\/comments?post=1472"}],"version-history":[{"count":1,"href":"https:\/\/eventuale.com.br\/index.php\/wp-json\/wp\/v2\/pages\/1472\/revisions"}],"predecessor-version":[{"id":1473,"href":"https:\/\/eventuale.com.br\/index.php\/wp-json\/wp\/v2\/pages\/1472\/revisions\/1473"}],"wp:attachment":[{"href":"https:\/\/eventuale.com.br\/index.php\/wp-json\/wp\/v2\/media?parent=1472"}],"curies":[{"name":"wp","href":"https:\/\/api.w.org\/{rel}","templated":true}]}}